{"id":5426,"date":"2018-05-23T14:08:38","date_gmt":"2018-05-23T12:08:38","guid":{"rendered":"http:\/\/www.christian.vahldiek.info\/filme\/?page_id=5426"},"modified":"2018-05-24T14:46:23","modified_gmt":"2018-05-24T12:46:23","slug":"datenschutz","status":"publish","type":"page","link":"https:\/\/www.christian.vahldiek.info\/filme\/datenschutz\/","title":{"rendered":"datenschutz"},"content":{"rendered":"<div class=\"two-columns-one\">\nChristian Vahldiek beachtet bei der Erhebung, bei der Nutzung und bei der Verarbeitung personenbezogener Daten die anwendbaren datenschutzrechtlichen Bestimmungen.<br \/>\nSofern innerhalb des Internet-Angebotes die M\u00f6glichkeit der Eingabe von pers\u00f6nlichen Daten (E-Mail-Adresse, Namen, Anschriften etc.) besteht, erfolgt diese freiwillig.<br \/>\nDie von Ihnen zur Verf\u00fcgung gestellten personenbezogenen Daten werden nur intern verwendet, um Ihre Anfragen zu beantworten, Ihre Auftr\u00e4ge zu bearbeiten oder Ihnen Zugang zu bestimmten Informationen zu verschaffen.<br \/>\nSie haben jederzeit das Recht auf unentgeltliche Auskunft \u00fcber Ihre gespeicherten personenbezogenen Daten, deren Herkunft und Empf\u00e4nger und den Zweck der Datenverarbeitung sowie ein Recht auf Berichtigung, Sperrung oder L\u00f6schung dieser Daten. Hierzu sowie zu weiteren Fragen zum Thema personenbezogene Daten k\u00f6nnen Sie sich jederzeit unter der im Impressum angegebenen Adresse an uns wenden.<br \/>\nWir weisen darauf hin, dass die Daten\u00fcbertragung im Internet (z.B. bei der Kommunikation per E-Mail) Sicherheitsl\u00fccken aufweisen kann. Ein l\u00fcckenloser Schutz der Daten vor dem Zugriff durch Dritte ist nicht m\u00f6glich.<\/p>\n<h2>Haftung f\u00fcr Inhalte<\/h2>\n<p>Als Diensteanbieter sind wir gem\u00e4\u00df \u00a7 7 Abs.1 TMG f\u00fcr eigene Inhalte auf diesen Seiten nach den allgemeinen Gesetzen verantwortlich. Nach \u00a7\u00a7 8 bis 10 TMG sind wir als Diensteanbieter jedoch nicht verpflichtet, \u00fcbermittelte oder gespeicherte fremde Informationen zu \u00fcberwachen oder nach Umst\u00e4nden zu forschen, die auf eine rechtswidrige T\u00e4tigkeit hinweisen. Verpflichtungen zur Entfernung oder Sperrung der Nutzung von Informationen nach den allgemeinen Gesetzen bleiben hiervon unber\u00fchrt. Eine diesbez\u00fcgliche Haftung ist jedoch erst ab dem Zeitpunkt der Kenntnis einer konkreten Rechtsverletzung m\u00f6glich. Bei Bekanntwerden von entsprechenden Rechtsverletzungen werden wir diese Inhalte umgehend entfernen.<\/p>\n<h2>Haftung f\u00fcr Links<\/h2>\n<p>Unser Angebot enth\u00e4lt Links zu externen Webseiten Dritter, auf deren Inhalte wir keinen Einfluss haben. Deshalb k\u00f6nnen wir f\u00fcr diese fremden Inhalte auch keine Gew\u00e4hr \u00fcbernehmen. F\u00fcr die Inhalte der verlinkten Seiten ist stets der jeweilige Anbieter oder Betreiber der Seiten verantwortlich. Die verlinkten Seiten wurden zum Zeitpunkt der Verlinkung auf m\u00f6gliche Rechtsverst\u00f6\u00dfe \u00fcberpr\u00fcft. Rechtswidrige Inhalte waren zum Zeitpunkt der Verlinkung nicht erkennbar. Eine permanente inhaltliche Kontrolle der verlinkten Seiten ist jedoch ohne konkrete Anhaltspunkte einer Rechtsverletzung nicht zumutbar. Bei Bekanntwerden von Rechtsverletzungen werden wir derartige Links umgehend entfernen.<\/p>\n<h2>Verwendung von Cookies<\/h2>\n<p>Christian Vahldiek verwendet so genannte \u201eCookies\u201c. Diese dienen dazu, unser Angebot besser auf Ihre W\u00fcnsche auszurichten und statistische Daten \u00fcber die Nutzung unserer Website erheben zu k\u00f6nnen. Bei \u201eCookies\u201c handelt es sich um kleine Textdateien, die von einer Website lokal im Speicher Ihres Internet-Browsers auf dem von Ihnen genutzten Rechner abgelegt werden k\u00f6nnen.\u2028Cookies erm\u00f6glichen insbesondere die Wiedererkennung des Internet-Browsers. Die Cookies unserer Website erheben keine pers\u00f6nlichen Daten \u00fcber Sie oder Ihre Nutzung. Einmal gesetzte Cookies k\u00f6nnen Sie jederzeit selbst l\u00f6schen, indem Sie den entsprechenden Men\u00fcpunkt in Ihrem Internet-Browser aufrufen oder die Cookies auf Ihrer Festplatte l\u00f6schen. Einzelheiten hierzu finden Sie im Hilfemen\u00fc Ihres Internet-Browsers.<\/p>\n<h2>Nutzung der Website ohne Cookies<\/h2>\n<p>Selbstverst\u00e4ndlich k\u00f6nnen Sie unsere Website auch nutzen, ohne dass Cookies verwendet werden. Sie k\u00f6nnen hierzu die Verwendung von Cookies jederzeit \u00fcber die Einstellungen Ihres Internet-Browsers generell ablehnen (\u201edeaktivieren\u201c). Alternativ hierzu k\u00f6nnen Sie sich das Setzen von Cookies anzeigen lassen und dann im Einzelfall entscheiden, ob Cookies akzeptiert werden sollen (\u201eCookie-Warnung\u201c). Das Ablehnen oder Anzeigen von Cookies kann sich auf die Funktionalit\u00e4t unserer Website auswirken.<br \/>\n<\/div>\n<div class=\"two-columns-one last\">\n<h2>Matomo Analytics<\/h2>\n<p>Auf dieser Website werden unter Einsatz der Webanalysedienst-Software Matomo (<span style=\"color:#0f7987\"><a href=\"http:\/\/www.matomo.org\" rel=\"noopener\" target=\"_blank\">www.matomo.org<\/a><\/span>), einem Dienst des Anbieters InnoCraft Ltd., 150 Willis St, 6011 Wellington, Neuseeland, (\u201eMatomo\u201c) auf Basis unseres berechtigten Interesses an der statistischen Analyse des Nutzerverhaltens zu Optimierungs- und Marketingzwecken gem\u00e4\u00df Art. 6 Abs. 1 lit. f DSGVO Daten gesammelt und gespeichert. Aus diesen Daten k\u00f6nnen zum selben Zweck pseudonymisierte Nutzungsprofile erstellt und ausgewertet werden. Hierzu k\u00f6nnen Cookies eingesetzt werden. Bei Cookies handelt es sich um kleine Textdateien, die lokal im Zwischenspeicher des Internet-Browsers des Seitenbesuchers gespeichert werden. Die Cookies erm\u00f6glichen unter anderem die Wiedererkennung des Internet-Browsers. Die mit der Matomo-Technologie erhobenen Daten (einschlie\u00dflich Ihrer pseudonymisierten IP-Adresse) werden auf dem Server unseres Hostinganbieters verarbeitet.<\/p>\n<p>Die durch das Cookie erzeugten Informationen im pseudonymen Nutzerprofil werden nicht dazu benutzt, den Besucher dieser Website pers\u00f6nlich zu identifizieren und nicht mit personenbezogenen Daten \u00fcber den Tr\u00e4ger des Pseudonyms zusammengef\u00fchrt.<\/p>\n<p><strong>Deaktivierung des Website-Trackings durch Website-Nutzer <\/strong><br \/>\nWenn Sie mit der Speicherung und Auswertung dieser Daten aus Ihrem Besuch nicht einverstanden sind, dann k\u00f6nnen Sie der Speicherung und Nutzung nachfolgend per Mausklick jederzeit widersprechen. In diesem Fall wird in Ihrem Browser ein sog. Opt-Out-Cookie abgelegt, was zur Folge hat, dass Matomo keinerlei Sitzungsdaten erhebt. Bitte beachten Sie, dass die vollst\u00e4ndige L\u00f6schung Ihrer Cookies zur Folge hat, dass auch das Opt-Out-Cookie gel\u00f6scht wird und ggf. von Ihnen erneut aktiviert werden muss.<\/p>\n<p><strong>Widerspruch<\/strong><br \/>\nIhr Besuch dieser Webseite wird aktuell von der Matomo Webanalyse erfasst. Klicken Sie hier, damit Ihr Besuch nicht mehr erfasst wird.<\/p>\n<p><iframe\n        style=\"border: 0; height: 200px; width: 600px;\"\n        src=\"http:\/\/analytics.christian.vahldiek.info\/index.php?module=CoreAdminHome&#038;action=optOut&#038;language=de&#038;backgroundColor=&#038;fontColor=&#038;fontSize=&#038;fontFamily=\"\n        ><\/iframe><\/p>\n<p><strong>Schutz Ihrer personenbezogenen Daten<\/strong><br \/>\nAuf dieser Website wurde zum Schutz Ihrer personenbezogenen Daten die IP-Anonymisierung f\u00fcr Matomo aktiviert. Bei aktivierter IP-Anonymisierung wird Ihre IP-Adresse von Matomo innerhalb von Mitgliedstaaten der Europ\u00e4ischen Union oder in anderen Vertragsstaaten des Abkommens \u00fcber den Europ\u00e4ischen Wirtschaftsraum gek\u00fcrzt, bevor sie an einen Server \u00fcbermittelt wird. Nur in Ausnahmef\u00e4llen wird die volle IP-Adresse an einen Server von Matomo in den USA \u00fcbertragen und dort gek\u00fcrzt. Die im Rahmen von Google Analytics von Ihrem Browser \u00fcbermittelte IP-Adresse wird nicht mit anderen Daten von Matomo zusammengef\u00fchrt.<\/p>\n<p>Sollten wir \u00fcber weitere personenbezogene Daten unserer Website-Nutzer verf\u00fcgen, werden wir diese nicht mit Website-Tracking-Daten oder weiteren nicht-personenbezogenen Daten zusammenf\u00fchren.<\/p>\n<h2>Server-Log-Files<\/h2>\n<p>Christian Vahldiek erhebt und speichert automatisch Informationen in sogenannten Server-Log Files, die Ihr Browser automatisch an uns \u00fcbermittelt. Dies sind:<\/p>\n<p>: Browsertyp\/ Browserversion<br \/>\n: verwendetes Betriebssystem<br \/>\n: Referrer URL<br \/>\n: Hostname des zugreifenden Rechners<br \/>\n: Uhrzeit der Serveranfrage<\/p>\n<p>Diese Daten sind nicht bestimmten Personen zuordenbar. Eine Zusammenf\u00fchrung dieser Daten mit anderen Datenquellen wird nicht vorgenommen. Wir behalten uns vor, diese Daten nachtr\u00e4glich zu pr\u00fcfen, wenn uns konkrete Anhaltspunkte f\u00fcr eine rechtswidrige Nutzung bekannt werden.\u2028<br \/>\n<\/div>\n<div class=\"clearfix sauber\"><\/div>","protected":false},"excerpt":{"rendered":"","protected":false},"author":1,"featured_media":0,"parent":0,"menu_order":0,"comment_status":"closed","ping_status":"closed","template":"","meta":{"footnotes":""},"_links":{"self":[{"href":"https:\/\/www.christian.vahldiek.info\/filme\/wp-json\/wp\/v2\/pages\/5426"}],"collection":[{"href":"https:\/\/www.christian.vahldiek.info\/filme\/wp-json\/wp\/v2\/pages"}],"about":[{"href":"https:\/\/www.christian.vahldiek.info\/filme\/wp-json\/wp\/v2\/types\/page"}],"author":[{"embeddable":true,"href":"https:\/\/www.christian.vahldiek.info\/filme\/wp-json\/wp\/v2\/users\/1"}],"replies":[{"embeddable":true,"href":"https:\/\/www.christian.vahldiek.info\/filme\/wp-json\/wp\/v2\/comments?post=5426"}],"version-history":[{"count":6,"href":"https:\/\/www.christian.vahldiek.info\/filme\/wp-json\/wp\/v2\/pages\/5426\/revisions"}],"predecessor-version":[{"id":5438,"href":"https:\/\/www.christian.vahldiek.info\/filme\/wp-json\/wp\/v2\/pages\/5426\/revisions\/5438"}],"wp:attachment":[{"href":"https:\/\/www.christian.vahldiek.info\/filme\/wp-json\/wp\/v2\/media?parent=5426"}],"curies":[{"name":"wp","href":"https:\/\/api.w.org\/{rel}","templated":true}]}}